{"id":3,"date":"2019-07-01T09:14:53","date_gmt":"2019-07-01T09:14:53","guid":{"rendered":"http:\/\/codoo.ro\/?page_id=3"},"modified":"2019-08-26T11:56:02","modified_gmt":"2019-08-26T09:56:02","slug":"privacy-policy","status":"publish","type":"page","link":"https:\/\/codoo.ro\/index.php\/privacy-policy\/","title":{"rendered":"Politica de confiden\u021bialitate"},"content":{"rendered":"\n<p><em>Ultima actualizare: august 2019<\/em><\/p>\n\n\n\n<h3 class=\"wp-block-heading\">I. Informa\u021bii generale<\/h3>\n\n\n\n<p>Acest document are rolul de a v\u0103 informa cu privire la prelucrarea datelor cu caracter personal, \u00een contextul utiliz\u0103rii paginii de internet codoo.ro (denumit\u0103, \u00een continuare, \u201cSite-ul\u201d).<\/p>\n\n\n\n<h3 class=\"wp-block-heading\">II. Categoriile de date cu caracter personal prelucrate<\/h3>\n\n\n\n<p>Dac\u0103 sunte\u021bi vizitator al Site-ului, vom prelucra datele cu caracter personal pe care le furniza\u021bi \u00een mod direct \u00een contextul utiliz\u0103rii Site-ului, cum ar fi datele pe care le furniza\u021bi \u00een cadrul sec\u021biunii de contact\/ comentarii, \u00een m\u0103sura \u00een care ne contacta\u021bi \u00een acest fel.<\/p>\n\n\n\n<h3 class=\"wp-block-heading\">III. Scopurile \u0219i temeiurile de prelucr\u0103rii<\/h3>\n\n\n\n<p><strong>III.1. Dac\u0103 sunte\u021bi vizitator al Site-ului, vom prelucra datele cu caracter personal astfel:<\/strong><\/p>\n\n\n\n<p>\u2013 pentru rezolvarea pl\u00e2ngerilor, reclama\u0163iilor \u015fi pentru a monitoriza traficul \u0219i a \u00eembun\u0103t\u0103\u0163ii experien\u021ba dumneavoastr\u0103 oferit\u0103 pe Site.<\/p>\n\n\n\n<p><em>(Prelucrarea datelor dumneavoastr\u0103 pentru acest scop are la baz\u0103 interesul legitim de a asigura func\u021bionarea corect\u0103 a Site-ului, precum \u0219i pentru a \u00eembun\u0103t\u0103\u021bii permanent experien\u021ba vizitatorilor Site-ului, inclusiv prin solu\u021bionarea diferitelor comentarii, \u00eentreb\u0103ri sau reclama\u021bii. Furnizarea datelor dumneavoastr\u0103 \u00een acest scop este voluntar\u0103. Refuzul furniz\u0103rii consim\u021b\u0103m\u00e2ntului pentru prelucrarea datelor dumneavoastr\u0103 \u00een acest scop nu va avea urm\u0103ri negative pentru dumneavoastr\u0103.)<\/em><\/p>\n\n\n\n<p><strong>III.2. Dac\u0103 sunte\u021bi client al Site-ului, vom prelucra datele cu caracter personal astfel:<\/strong><\/p>\n\n\n\n<p>\u2013 pentru \u00eendeplinirea obliga\u021biilor legale care incumb\u0103 \u00een contextul serviciilor prestate prin intermediul Site-ului, inclusiv a obliga\u021biilor \u00een materie fiscal\u0103, precum \u0219i \u00een materie de arhivare.<\/p>\n\n\n\n<p><em>(Prelucrarea datelor dumneavoastr\u0103 pentru acest scop este necesar\u0103 \u00een baza unor obliga\u021bii legale. Furnizarea datelor dumneavoastr\u0103 \u00een acest scop este necesar\u0103. Refuzul furniz\u0103rii datelor poate avea drept consecin\u021b\u0103 imposibilitatea de a respecta obliga\u021biile legale care ne revin \u0219i, deci, imposibilitatea de a v\u0103 oferi serviciile prin intermediul Site-ului.)<\/em><\/p>\n\n\n\n<p>\u2013 pentru activit\u0103\u0163i de marketing, respectiv pentru transmiterea, prin intermediul mijloacelor de comunicare la distan\u0163\u0103 (e-mail) de comunic\u0103ri comerciale privind produsele \u015fi serviciile oferite prin intermediul Site-ului.<\/p>\n\n\n\n<p><em>(Prelucrarea datelor dumneavoastr\u0103 pentru acest scop are la baz\u0103 consim\u021b\u0103m\u00e2ntul dumneavoastr\u0103, dac\u0103 alege\u021bi s\u0103-l furniza\u021bi. Pentru dezabonarea de la primirea unor astfel de comunic\u0103ri comerciale pute\u021bi folosi op\u0163iunea de la finalul fiec\u0103rui e-mail con\u0163in\u00e2nd comunic\u0103ri comerciale. Furnizarea datelor dumneavoastr\u0103 \u00een acest scop este voluntar\u0103. Refuzul furniz\u0103rii consim\u021b\u0103m\u00e2ntului pentru prelucrarea datelor dumneavoastr\u0103 \u00een acest scop nu va avea urm\u0103ri negative pentru dumneavoastr\u0103.)<\/em><\/p>\n\n\n\n<p>\u2013 \u00een scopul efectu\u0103rii diverselor analize, raport\u0103ri privind modul de func\u021bionare a Site-ului, realizarea de profiluri de preferin\u0163e de consum, \u00een principal, \u00een vederea \u00eembun\u0103t\u0103\u0163iri experien\u021bei oferite pe Site.<\/p>\n\n\n\n<p><em>(Prelucrarea datelor dumneavoastr\u0103 pentru acest scop are la baz\u0103 interesul legitim de a \u00eembun\u0103t\u0103\u021bii permanent experien\u021ba clien\u021bilor pe Site. Furnizarea datelor dumneavoastr\u0103 \u00een acest scop este voluntar\u0103. Refuzul furniz\u0103rii datelor pentru acest scop nu va avea urm\u0103ri negative pentru dumneavoastr\u0103.)<\/em><\/p>\n\n\n\n<h3 class=\"wp-block-heading\">IV. Durata pentru care v\u0103 prelucr\u0103m datele<\/h3>\n\n\n\n<p>Datele dumneavoastr\u0103 cu caracter personal at\u00e2t c\u00e2t este necesar pentru realizarea scopurilor de prelucrare men\u021bionate mai sus. Dac\u0103 v\u0103 retrage\u021bi consim\u021b\u0103m\u00e2ntul pentru prelucrarea datelor \u00een scop de marketing, prelucrarea datelor dumneavoastr\u0103 cu caracter personal va \u00eenceta, f\u0103r\u0103 \u00eens\u0103 a afecta prelucr\u0103rile desf\u0103\u0219urate pe baza consim\u021b\u0103m\u00e2ntului exprimat de c\u0103tre dumneavoastr\u0103 \u00eenainte de retragerea acestuia.<\/p>\n\n\n\n<h3 class=\"wp-block-heading\">V. Dezv\u0103luirea datelor cu caracter personal<\/h3>\n\n\n\n<p>Datele dumneavoastr\u0103 pot fi dezv\u0103luite c\u0103tre ter\u021be persoane sau entit\u0103\u021bi \u00een urm\u0103toarele cazuri exemplificativ enumerate:<\/p>\n\n\n\n<p>\u2013 pentru administrarea Site-ului;<br>\u2013 \u00een situa\u021biile \u00een care aceast\u0103 comunicare ar fi necesar\u0103 pentru atribuirea de premii sau alte facilit\u0103\u021bi persoanelor vizate, ob\u021binute ca urmare a particip\u0103rii lor la diverse campanii promo\u021bionale organizate prin intermediul Site-ului;<br>\u2013 pentru men\u021binerea, personalizarea \u0219i \u00eembun\u0103t\u0103\u021birea Site-ului \u0219i a serviciilor derulate prin intermediul lui;<br>\u2013 pentru efectuarea analizei datelor, testarea \u0219i cercetarea, monitorizarea tendin\u021belor de utilizare \u0219i activitate, dezvoltarea caracteristicilor de siguran\u021b\u0103 \u0219i autentificarea utilizatorilor;<br>\u2013 pentru transmiterea de comunic\u0103ri comerciale de marketing, \u00een condi\u021biile \u0219i limitele prev\u0103zute de lege;<br>\u2013 atunci c\u00e2nd dezv\u0103luirea datelor cu caracter personal este prev\u0103zut\u0103 de lege etc.<\/p>\n\n\n\n<h3 class=\"wp-block-heading\">VI. Transferul datelor cu caracter personal<\/h3>\n\n\n\n<p>Datele cu caracter personal furnizate pot fi transferate \u00een afara Rom\u00e2niei, dar doar c\u0103tre state din Uniunea European\u0103.<\/p>\n\n\n\n<h3 class=\"wp-block-heading\">VII. Drepturile de care beneficia\u021bi<\/h3>\n\n\n\n<p>\u00cen condi\u021biile prev\u0103zute de legisla\u021bia \u00een materia prelucr\u0103rii datelor cu caracter personal, \u00een calitate de persoane vizate, beneficia\u021bi de urm\u0103toarele drepturi:<\/p>\n\n\n\n<p>\u2013 dreptul la informare, respectiv dreptul de a primi detalii privind activit\u0103\u021bile de prelucrare efectuate, conform celor descrise \u00een prezentul document;<br>\u2013 dreptul de acces la date, respectiv dreptul de a ob\u021bine confirmarea cu privire la prelucrarea datelor cu caracter personal, precum \u0219i detalii privind activit\u0103\u021bile de prelucrare precum modalitatea \u00een care sunt prelucrate datele, scopul \u00een care se face prelucrarea, destinatarii sau categoriile de destinatari ai datelor etc;<br>\u2013 dreptul la rectificare, respectiv dreptul de a ob\u021bine corectarea datelor cu caracter personal inexacte\/ nejustificate, precum \u0219i completarea datelor incomplete; rectificarea\/ completarea va fi comunicat\u0103 fiec\u0103rui destinatar la care au fost transmise datele, cu excep\u021bia cazului \u00een care acest lucru se dovede\u0219te imposibil sau presupune eforturi dispropor\u021bionate;<br>\u2013 dreptul la \u0219tergerea datelor (\u201cdreptul de a fi uitat\u201d), \u00een cazul in care se aplic\u0103 unul dintre urm\u0103toarele motive: acestea nu mai sunt necesare pentru \u00eendeplinirea scopurilor pentru care au fost colectate sau prelucrate; \u00een cazul \u00een care este retras consim\u021b\u0103m\u00e2ntul \u0219i nu exist\u0103 niciun alt temei juridic pentru prelucrare; \u00een cazul \u00een care persoana vizat\u0103 se opune prelucr\u0103rii \u0219i nu exist\u0103 motive legitime care s\u0103 prevaleze; \u00een cazul \u00een care datele cu caracter personal au fost prelucrate ilegal; \u00een cazul \u00een care datele cu caracter personal trebuie \u0219terse pentru respectarea unei obliga\u021bii legale; datele cu caracter personal au fost colectate \u00een leg\u0103tur\u0103 cu oferirea de servicii ale societ\u0103\u021bii informa\u021bionale conform dreptului Uniunii sau al dreptului intern sub incidenta c\u0103ruia se afl\u0103 operatorul. Este posibil ca, \u00een urma solicit\u0103rii de \u0219tergere a datelor s\u0103 anonimizeze aceste date (lipsindu-le astfel de caracterul personal) \u0219i s\u0103 se continue \u00een aceste condi\u021bii prelucrarea pentru scopuri statistice;<br>\u2013 dreptul la restric\u021bionarea prelucr\u0103rii \u00een m\u0103sura \u00een care: persoana contest\u0103 exactitatea datelor, pe o perioad\u0103 care ne permite verificarea corectitudinii datelor; prelucrarea este ilegal\u0103, iar persoana vizat\u0103 se opune \u0219tergerii datelor cu caracter personal, solicit\u00e2nd \u00een schimb restric\u021bionarea utiliz\u0103rii lor; operatorul nu mai are nevoie de datele cu caracter personal \u00een scopul prelucr\u0103rii, dar persoana vizat\u0103 i le solicit\u0103 pentru constatarea, exercitarea sau ap\u0103rarea unui drept \u00een instan\u021b\u0103 sau persoana vizat\u0103 s-a opus prelucr\u0103rii (altele dec\u00e2t cele de marketing direct), pentru intervalul de timp \u00een care se verific\u0103 dac\u0103 drepturile legitime ale operatorului prevaleaz\u0103 asupra celor ale persoanei vizate;<br>\u2013 dreptul la portabilitatea datelor, respectiv (i) dreptul de a primi datele cu caracter personal \u00eentr-o modalitate structurat\u0103, folosit\u0103 \u00een mod obi\u0219nuit \u0219i \u00eentr-un format u\u0219or de citit, precum \u0219i (ii) dreptul ca aceste date s\u0103 fie transmise de c\u0103tre alt operator de date, \u00een m\u0103sura \u00een care sunt \u00eendeplinite condi\u021biile prev\u0103zute de lege;<br>\u2013 dreptul la opozi\u021bie \u2013 \u00een ceea ce prive\u0219te activit\u0103\u021bile de prelucrare se poate exercita prin transmiterea unei solicit\u0103ri, \u00een orice moment, din motive legate de situa\u021bia particular\u0103 \u00een care se afl\u0103 persoana vizat\u0103, ca datele care o vizeaz\u0103 s\u0103 fie prelucrate \u00een temeiul interesului legitim sau \u00een temeiul interesului public, cu excep\u021bia cazurilor \u00een care se pot demonstra motive legitime \u0219i imperioase care justific\u0103 prelucarea \u0219i care prevaleaz\u0103 asupra intereselor, drepturilor \u0219i libert\u0103\u021bilor persoanelor vizate sau c\u0103 scopul este constatarea, exercitarea sau apararea unui drept \u00een instan\u021b\u0103;<br>\u2013 dreptul de a nu fi supus unei decizii individuale automate, respectiv dreptul de a nu fi subiectul unei decizii luate numai pe baza unor activit\u0103\u021bi de prelucrare automate, inclusiv crearea de profiluri, care produce efecte juridice care privesc persoana vizat\u0103 sau o afecteaz\u0103 \u00een mod similar \u00eentr-o m\u0103sur\u0103 semnificativ\u0103;<br>\u2013 dreptul de a v\u0103 adresa Autorit\u0103\u0163ii Na\u0163ionale de Supraveghere a Prelucr\u0103rii Datelor cu Caracter Personal sau instan\u021belor competente, \u00een m\u0103sura \u00een care considera\u021bi necesar.<\/p>\n\n\n\n<blockquote class=\"wp-block-quote is-layout-flow wp-block-quote-is-layout-flow\"><p>Pentru orice \u00eentreb\u0103ri suplimentare cu privire la modul \u00een care datele cu caracter personal sunt prelucrate \u0219i pentru a v\u0103 exercita drepturile men\u021bionate mai sus, v\u0103 rug\u0103m s\u0103 folosi\u021bi formularul din pagina <\/p><\/blockquote>\n\n\n\n<p>Aceast\u0103 pagin\u0103 de internet folose\u0219te fi\u0219iere de tip cookie. Pentru mai multe informa\u021bii cu privire la modul \u00een care se folosesc aceste fi\u0219iere, v\u0103 rug\u0103m s\u0103 accesa\u021bi urm\u0103torul link:&nbsp; <a href=\"https:\/\/codoo.ro\/index.php\/politica-de-cookie-uri\/\">Politica de cookie-uri<\/a><\/p>\n","protected":false},"excerpt":{"rendered":"<p>Ultima actualizare: august 2019 I. Informa\u021bii generale Acest document are rolul de a v\u0103 informa cu privire la prelucrarea datelor cu caracter personal, \u00een contextul utiliz\u0103rii paginii de internet codoo.ro (denumit\u0103, \u00een continuare, \u201cSite-ul\u201d). II. Categoriile de date cu caracter personal prelucrate Dac\u0103 sunte\u021bi vizitator al Site-ului, vom prelucra datele cu caracter personal pe care [&hellip;]<\/p>\n","protected":false},"author":1,"featured_media":0,"parent":0,"menu_order":0,"comment_status":"closed","ping_status":"open","template":"","meta":{"_monsterinsights_skip_tracking":false,"_monsterinsights_sitenote_active":false,"_monsterinsights_sitenote_note":"","_monsterinsights_sitenote_category":0,"_uf_show_specific_survey":0,"_uf_disable_surveys":false,"footnotes":""},"class_list":["post-3","page","type-page","status-publish","hentry"],"aioseo_notices":[],"post_mailing_queue_ids":[],"_links":{"self":[{"href":"https:\/\/codoo.ro\/index.php\/wp-json\/wp\/v2\/pages\/3","targetHints":{"allow":["GET"]}}],"collection":[{"href":"https:\/\/codoo.ro\/index.php\/wp-json\/wp\/v2\/pages"}],"about":[{"href":"https:\/\/codoo.ro\/index.php\/wp-json\/wp\/v2\/types\/page"}],"author":[{"embeddable":true,"href":"https:\/\/codoo.ro\/index.php\/wp-json\/wp\/v2\/users\/1"}],"replies":[{"embeddable":true,"href":"https:\/\/codoo.ro\/index.php\/wp-json\/wp\/v2\/comments?post=3"}],"version-history":[{"count":0,"href":"https:\/\/codoo.ro\/index.php\/wp-json\/wp\/v2\/pages\/3\/revisions"}],"wp:attachment":[{"href":"https:\/\/codoo.ro\/index.php\/wp-json\/wp\/v2\/media?parent=3"}],"curies":[{"name":"wp","href":"https:\/\/api.w.org\/{rel}","templated":true}]}}