{"id":353,"date":"2019-08-25T18:35:03","date_gmt":"2019-08-25T16:35:03","guid":{"rendered":"https:\/\/codoo.ro\/?page_id=353"},"modified":"2019-08-26T14:34:10","modified_gmt":"2019-08-26T12:34:10","slug":"politica-de-cookie-uri","status":"publish","type":"page","link":"https:\/\/codoo.ro\/index.php\/politica-de-cookie-uri\/","title":{"rendered":"Politica de cookie-uri"},"content":{"rendered":"\n<p><em>Ultima actualizare: august 2019<\/em><\/p>\n\n\n<div class=\"cli_pg_page_contaner\">\n<p>Felicitari, ai accesat cea mai plictisitoare pagin<span class=\"\" title=\"\">\u0103 de pe codoo.ro! Po\u021bi vedea si alte pagini la fel de plictisitoare: <a href=\"https:\/\/codoo.ro\/index.php\/termeni-si-conditii\/\">Termeni si condi\u021bii<\/a> si <a href=\"https:\/\/codoo.ro\/index.php\/privacy-policy\/\">Politica de confiden\u021bialitate<\/a>.<\/span><\/p>\n<h3>Despre aceast\u0103 politic\u0103 de cookie<\/h3>\n<div>\n<div class=\"tlid-input input\">\n<div class=\"source-wrap\">\n<div class=\"input-full-height-wrapper tlid-input-full-height-wrapper\">\n<div class=\"source-input\">\n<div class=\"source-footer-wrap source-or-target-footer\">\n<div class=\"character-count tlid-character-count\">\n<div class=\"cc-ctr normal\"><span class=\"\" title=\"\">Aceast\u0103 Politic\u0103 privind cookie-urile explic\u0103 ce sunt cookie-urile \u0219i cum le utiliz\u0103m.<\/span> <span class=\"\" title=\"\">Ar trebui s\u0103 citi\u021bi aceast\u0103 politic\u0103 pentru a \u00een\u021belege ce sunt cookie-urile, modul \u00een care le utiliz\u0103m, tipurile de cookie-uri pe care le folosim, informa\u021biile pe care le colect\u0103m folosind cookie-urile \u0219i modul \u00een care sunt utilizate aceste informa\u021bii \u0219i cum s\u0103 control\u0103m preferin\u021bele cookie-urilor.<\/span> <span class=\"\" title=\"\">Pentru informa\u021bii suplimentare despre modul \u00een care utiliz\u0103m, stoc\u0103m \u0219i p\u0103str\u0103m securitatea datelor dvs. personale, consulta\u021bi Politica noastr\u0103 de confiden\u021bialitate.<\/span><\/div>\n<\/div>\n<\/div>\n<\/div>\n<\/div>\n<\/div>\n<\/div>\n<div class=\"tlid-results-container results-container\">\n<div class=\"tlid-result result-dict-wrapper\">\n<div class=\"result tlid-copy-target\">\n<div class=\"text-wrap tlid-copy-target\">\n<div class=\"result-shield-container tlid-copy-target\" tabindex=\"0\"><span class=\"tlid-translation translation\" lang=\"ro\"><span class=\"tlid-translation translation\" lang=\"ro\"><br \/><span class=\"\" title=\"\">Pute\u021bi oric\u00e2nd modifica sau retrage consim\u021b\u0103m\u00e2ntul dvs. din Declara\u021bia Cookie de pe site-ul nostru web.<\/span><\/span><\/span><span class=\"\" title=\"\">Afla\u021bi mai multe despre cine suntem, cum ne pute\u021bi contacta \u0219i cum prelucr\u0103m datele cu caracter personal \u00een Politica noastr\u0103 de confiden\u021bialitate.<\/span>\n<p>\u00a0<\/p>\n<p><span class=\"\" title=\"\">Consim\u021b\u0103m\u00e2ntul dvs. se aplic\u0103 \u00een urm\u0103toarele domenii: codoo.ro<\/span><\/p>\n<\/div>\n<\/div>\n<\/div>\n<\/div>\n<\/div>\n<div class=\"cli_user_consent_state\">Starea ta actual\u0103: Consim\u021b\u0103m\u00e2ntul nu a fost dat. <a class=\"cli_manage_current_consent\" style=\"cursor:pointer;text-decoration:underline;\">Administreaz\u0103-\u021bi consim\u021b\u0103m\u00e2ntul.<\/a> <\/div>\n<\/div>\n<h3>Ce sunt cookie-urile?<\/h3>\n<div>\n<p>Cookie-urile sunt mici fi\u0219iere text care sunt utilizate pentru a stoca mici informa\u021bii. Cookie-urile sunt stocate pe dispozitivul dvs. atunci c\u00e2nd site-ul web este \u00eenc\u0103rcat pe browser. Aceste cookie-uri ne ajut\u0103 s\u0103 facem site-ul s\u0103 func\u021bioneze corect, s\u0103 facem site-ul mai sigur, s\u0103 oferim o experien\u021b\u0103 mai bun\u0103 pentru utilizatori \u0219i s\u0103 \u00een\u021belegem cum func\u021bioneaz\u0103 site-ul \u0219i s\u0103 analiz\u0103m ce func\u021bioneaz\u0103 \u0219i unde are nevoie de \u00eembun\u0103t\u0103\u021biri.<\/p>\n<\/div>\n<h3>Cum folosim cookie-urile?<\/h3>\n<div>\n<p>Ca majoritatea serviciilor online, site-ul nostru web folose\u0219te cookie-uri proprii \u0219i cookie-uri de tip ter\u021b pentru o serie de scopuri. Cookie-urile proprii sunt \u00een mare parte necesare pentru ca site-ul web s\u0103 func\u021bioneze corect, \u0219i nu colecteaz\u0103 niciuna dintre datele dvs. de identificare personal\u0103.<\/p>\n<p>Cookie-urile de ter\u021b\u0103 parte utilizate pe site-ul nostru web sunt utilizate \u00een principal pentru \u00een\u021belegerea performan\u021belor site-ului, despre modul \u00een care interac\u021bionezi cu site-ul nostru web, pentru p\u0103strarea serviciilor noastre \u00een siguran\u021b\u0103, furnizarea de reclame care v\u0103 sunt relevante \u0219i, \u00een general, pentru a v\u0103 oferi un mod mai bun \u0219i \u00eembun\u0103t\u0103\u021bit de\u00a0 experien\u021ba utilizatorului \u0219i\u00a0 de a v\u0103 ajuta s\u0103 accelera\u021bi interac\u021biunile viitoare cu site-ul nostru web.<\/p>\n<\/div>\n<h3>Ce tipuri de cookie-uri folosim?<\/h3>\n<div>\n<p><strong>Esen\u021bial:<\/strong> Unele cookie-uri sunt esen\u021biale pentru a putea experimenta func\u021bionalitatea complet\u0103 a site-ului nostru. Ne permit s\u0103 men\u021binem sesiunile utilizatorilor \u0219i s\u0103 prevenim orice amenin\u021b\u0103ri la adresa securit\u0103\u021bii. Nu colecteaz\u0103 \u0219i nu stocheaz\u0103 informa\u021bii personale. De exemplu, aceste cookie-uri v\u0103 permit s\u0103 v\u0103 autentifica\u021bi \u00een contul dvs. \u0219i s\u0103 ad\u0103uga\u021bi produse \u00een co\u0219 \u0219i s\u0103 pl\u0103ti\u021bi \u00een siguran\u021b\u0103.<\/p>\n<p><strong>Statistici:<\/strong> aceste cookie-uri stocheaz\u0103 informa\u021bii precum num\u0103rul de vizitatori ai site-ului, num\u0103rul de vizitatori unici, ce pagini ale site-ului au fost vizitate, sursa vizitei etc. Aceste date ne ajut\u0103 s\u0103 \u00een\u021belegem \u0219i s\u0103 analiz\u0103m c\u00e2t de bine func\u021bioneaz\u0103 site-ul \u0219i unde are nevoie de \u00eembun\u0103t\u0103\u021biri.<\/p>\n<p><strong>Marketing:<\/strong> site-ul nostru web afi\u0219eaz\u0103 reclame. Aceste cookie-uri sunt utilizate pentru a personaliza reclamele pe care vi le afi\u0219\u0103m, astfel \u00eenc\u00e2t acestea s\u0103 fie semnificative pentru dvs. Aceste cookie-uri ne ajut\u0103, de asemenea, s\u0103 urm\u0103rim eficien\u021ba acestor campanii publicitare.<\/p>\n<p>Informa\u021biile stocate \u00een aceste cookie-uri pot fi, de asemenea, utilizate de c\u0103tre furnizorii ter\u021bi pentru a v\u0103 afi\u0219a reclame \u0219i pe alte site-uri web din browser.<\/p>\n<p><strong>Func\u021bional:<\/strong> Sunt cookie-urile care ajut\u0103 anumite func\u021bionalit\u0103\u021bi neesen\u021biale de pe site-ul nostru web. Aceste func\u021bionalit\u0103\u021bi includ \u00eencorporarea de con\u021binut precum videoclipuri sau partajarea con\u021binutului de pe site-ul web pe platformele de socializare.<\/p>\n<p>Preferin\u021be: aceste cookie-uri ne ajut\u0103 s\u0103 stoc\u0103m set\u0103rile \u0219i preferin\u021bele de navigare, precum preferin\u021bele de limb\u0103, astfel \u00eenc\u00e2t s\u0103 ave\u021bi o experien\u021b\u0103 mai bun\u0103 \u0219i mai eficient\u0103 \u00een vizitele viitoare pe site-ul web.<\/p>\n\n<\/div>\n<h3>Cum pot controla preferin\u021bele cookie-urilor?<\/h3>\n<div>\n<p>\u00cen cazul \u00een care decide\u021bi s\u0103 schimba\u021bi preferin\u021bele mai t\u00e2rziu prin sesiunea de navigare, pute\u021bi face clic pe fila \u201ePolitica de confiden\u021bialitate \u0219i cookie-uri\u201d de pe ecran. Aceasta va afi\u0219a din nou avizul de consim\u021b\u0103m\u00e2nt, permi\u021b\u00e2ndu-v\u0103 s\u0103 v\u0103 schimba\u021bi preferin\u021bele sau s\u0103 v\u0103 retrage\u021bi \u00een \u00eentregime consim\u021b\u0103m\u00e2ntul.<\/p>\n<p>\u00cen plus, diferite browsere ofer\u0103 diferite metode pentru a bloca \u0219i \u0219terge cookie-urile utilizate de site-urile web. Pute\u021bi modifica set\u0103rile browserului dvs. pentru a bloca \/ \u0219terge cookie-urile. Pentru a afla mai multe despre cum s\u0103 gestiona\u021bi \u0219i s\u0103 \u0219terge\u021bi cookie-urile, vizita\u021bi <a href=\"https:\/\/wikipedia.org\/\">wikipedia.org<\/a>,\u00a0 <a href=\"https:\/\/www.allaboutcookies.org\/\" target=\"_blank\" rel=\"noopener noreferrer\" class=\"broken_link\">www.allaboutcookies.org<\/a><\/p>\n<\/div>\n<\/div>\n\n\n<p><\/p>\n","protected":false},"excerpt":{"rendered":"<p>Ultima actualizare: august 2019 Felicitari, ai accesat cea mai plictisitoare pagin\u0103 de pe codoo.ro! Po\u021bi vedea si alte pagini la fel de plictisitoare: Termeni si condi\u021bii si Politica de confiden\u021bialitate. Despre aceast\u0103 politic\u0103 de cookie Aceast\u0103 Politic\u0103 privind cookie-urile explic\u0103 ce sunt cookie-urile \u0219i cum le utiliz\u0103m. Ar trebui s\u0103 citi\u021bi aceast\u0103 politic\u0103 pentru a [&hellip;]<\/p>\n","protected":false},"author":1,"featured_media":0,"parent":0,"menu_order":0,"comment_status":"closed","ping_status":"closed","template":"","meta":{"_monsterinsights_skip_tracking":false,"_monsterinsights_sitenote_active":false,"_monsterinsights_sitenote_note":"","_monsterinsights_sitenote_category":0,"_uf_show_specific_survey":0,"_uf_disable_surveys":false,"footnotes":""},"class_list":["post-353","page","type-page","status-publish","hentry"],"aioseo_notices":[],"post_mailing_queue_ids":[],"_links":{"self":[{"href":"https:\/\/codoo.ro\/index.php\/wp-json\/wp\/v2\/pages\/353","targetHints":{"allow":["GET"]}}],"collection":[{"href":"https:\/\/codoo.ro\/index.php\/wp-json\/wp\/v2\/pages"}],"about":[{"href":"https:\/\/codoo.ro\/index.php\/wp-json\/wp\/v2\/types\/page"}],"author":[{"embeddable":true,"href":"https:\/\/codoo.ro\/index.php\/wp-json\/wp\/v2\/users\/1"}],"replies":[{"embeddable":true,"href":"https:\/\/codoo.ro\/index.php\/wp-json\/wp\/v2\/comments?post=353"}],"version-history":[{"count":0,"href":"https:\/\/codoo.ro\/index.php\/wp-json\/wp\/v2\/pages\/353\/revisions"}],"wp:attachment":[{"href":"https:\/\/codoo.ro\/index.php\/wp-json\/wp\/v2\/media?parent=353"}],"curies":[{"name":"wp","href":"https:\/\/api.w.org\/{rel}","templated":true}]}}