{"id":363,"date":"2019-08-26T09:43:01","date_gmt":"2019-08-26T07:43:01","guid":{"rendered":"https:\/\/codoo.ro\/?page_id=363"},"modified":"2019-08-26T11:59:13","modified_gmt":"2019-08-26T09:59:13","slug":"termeni-si-conditii","status":"publish","type":"page","link":"https:\/\/codoo.ro\/index.php\/termeni-si-conditii\/","title":{"rendered":"Termeni \u0219i condi\u021bii"},"content":{"rendered":"\n<p><em>Ultima actualizare: august 2019<\/em><\/p>\n\n\n\n<p>Prin utilizarea \u015fi vizitarea site-ului codoo.ro (\u201cSite\u201d) autorii \u015fi utilizatorii sunt de acord cu termenele \u015fi condi\u0163iile aplicabile. Dac\u0103 nu sunte\u0163i de acord cu acestea, v\u0103 rug\u0103m s\u0103 nu utiliza\u0163i \u015fi s\u0103 nu vizita\u0163i Site-ul.<\/p>\n\n\n\n<p>Administratorii Site-ului au dreptul de a modifica \u00een orice moment termenii \u015fi condi\u0163iile aplicabile, f\u0103r\u0103 a fi necesar\u0103 notificarea prealabil\u0103 a autorilor \u015fi\/sau utilizatorilor. Dupa publicarea pe Site a termenilor \u015fi condi\u0163iilor modificate, acestea devin automat aplicabile. Prin urmare, v\u0103 suger\u0103m s\u0103 revede\u0163i periodic prezenta sec\u0163iune.<\/p>\n\n\n\n<p>Utilizatorii sunt unicii responsabili pentru con\u0163inutul publicat, pentru comentariile postate pe Site \u015fi pentru consecin\u0163ele post\u0103rilor lor, inclusiv pentru respectarea cerintelor privind protectia datelor cu caracter personal. Administratorii Site-ului nu au nici un fel de responsabilitate pentru con\u0163inutul \u015fi comentariile postate de utilizatori.<\/p>\n\n\n\n<p>Postarea comentariilor implic\u0103 garan\u0163ia din partea comentatorilor c\u0103 sunt titularii tuturor drepturilor de autor asupra con\u0163inutului, precum \u015fi\/sau c\u0103 au ob\u0163inut consim\u0163\u0103m\u00e2ntul necesar post\u0103rii acestora pe Site de la titularii drepturilor. \u00cen plus, prin publicarea con\u0163inutului \u015fi postarea comentariilor pe Site fiecare dintre utilizatorii Site-ului \u00eentelege \u015fi accept\u0103 c\u0103 este singurul responsabil \u015fi va desp\u0103gubi Site-ul, administratorii acestuia sau ter\u0163ii pentru orice prejudiciu ce decurge din ac\u0163iunile sale.<\/p>\n\n\n\n<p>Administratorii Site-ului vor \u00eenl\u0103tura orice con\u0163inut sau comentariu cu privire la care au fost notifica\u0163i c\u0103 \u00eencalc\u0103 drepturilor de proprietate intelectual\u0103 ale ter\u0163ilor. Administratorii Site-ului \u00ee\u015fi rezerv\u0103 dreptul de a \u00eenl\u0103tura orice con\u0163inut sau comentariu f\u0103r\u0103 o notificare prealabil\u0103 a autorului.<\/p>\n\n\n\n<p>Autorii \u015fi utilizatorii acord\u0103 Site-ului \u015fi administratorilor acestuia dreptul de a publica \u015fi utiliza \u00een orice mod con\u0163inutul ridicat \u015fi comentariile postate, inclusiv, dar f\u0103r\u0103 a se limita la scopuri de promovare.<\/p>\n","protected":false},"excerpt":{"rendered":"<p>Ultima actualizare: august 2019 Prin utilizarea \u015fi vizitarea site-ului codoo.ro (\u201cSite\u201d) autorii \u015fi utilizatorii sunt de acord cu termenele \u015fi condi\u0163iile aplicabile. Dac\u0103 nu sunte\u0163i de acord cu acestea, v\u0103 rug\u0103m s\u0103 nu utiliza\u0163i \u015fi s\u0103 nu vizita\u0163i Site-ul. Administratorii Site-ului au dreptul de a modifica \u00een orice moment termenii \u015fi condi\u0163iile aplicabile, f\u0103r\u0103 a [&hellip;]<\/p>\n","protected":false},"author":1,"featured_media":0,"parent":0,"menu_order":0,"comment_status":"closed","ping_status":"closed","template":"","meta":{"_monsterinsights_skip_tracking":false,"_monsterinsights_sitenote_active":false,"_monsterinsights_sitenote_note":"","_monsterinsights_sitenote_category":0,"_uf_show_specific_survey":0,"_uf_disable_surveys":false,"footnotes":""},"class_list":["post-363","page","type-page","status-publish","hentry"],"aioseo_notices":[],"post_mailing_queue_ids":[],"_links":{"self":[{"href":"https:\/\/codoo.ro\/index.php\/wp-json\/wp\/v2\/pages\/363","targetHints":{"allow":["GET"]}}],"collection":[{"href":"https:\/\/codoo.ro\/index.php\/wp-json\/wp\/v2\/pages"}],"about":[{"href":"https:\/\/codoo.ro\/index.php\/wp-json\/wp\/v2\/types\/page"}],"author":[{"embeddable":true,"href":"https:\/\/codoo.ro\/index.php\/wp-json\/wp\/v2\/users\/1"}],"replies":[{"embeddable":true,"href":"https:\/\/codoo.ro\/index.php\/wp-json\/wp\/v2\/comments?post=363"}],"version-history":[{"count":0,"href":"https:\/\/codoo.ro\/index.php\/wp-json\/wp\/v2\/pages\/363\/revisions"}],"wp:attachment":[{"href":"https:\/\/codoo.ro\/index.php\/wp-json\/wp\/v2\/media?parent=363"}],"curies":[{"name":"wp","href":"https:\/\/api.w.org\/{rel}","templated":true}]}}